{"id":47,"date":"2018-02-06T00:17:22","date_gmt":"2018-02-05T23:17:22","guid":{"rendered":"http:\/\/eigendenken.at\/?page_id=47"},"modified":"2018-02-06T00:17:22","modified_gmt":"2018-02-05T23:17:22","slug":"aufwachen-1-konsument-inn-en","status":"publish","type":"page","link":"http:\/\/eigendenken.at\/?page_id=47","title":{"rendered":"AUFWACHEN! &#8211; (1) Konsument\/inn\/en!"},"content":{"rendered":"<h2>1 Nahversorgung ist keine Einbahnstra\u00dfe!<\/h2>\n<ul>\n<li>Sollte &#8222;Nahversorgung&#8220; etwa nach dem Motto funktionieren: &#8222;Friss Vogel, oder stirb!&#8220;<br \/>\nSollten wir NUR kaufen, bestellen &#8211; froh sein, dass wir \u00fcberhaupt was bekommen?<br \/>\nSollten unsere Nahversorger\/innen nur stolz sein dar\u00fcber, dass sie anbieten k\u00f6nnen, Arbeitsstellen schaffen, dabei die Gesetze einhalten und vom Erl\u00f6s leben k\u00f6nnen?<\/li>\n<li>So ein &#8222;Nebeneinander&#8220; OHNE AUSTAUSCH ist f\u00fcr ALLE Beteiligten unbefriedigend:<br \/>\nA) Konsumenten, die Angebote vermissen, mit Qualit\u00e4t oder Leistungen unzufrieden sind, wechseln zu &#8222;Fernversorgung&#8220;, Onlineangeboten &#8211; lassen die h\u00f6chst wichtige Nahversorgung &#8222;verhungern&#8220;&#8230;<br \/>\nB) Die Unternehmen sind ungl\u00fccklich mit entt\u00e4uschenden Ums\u00e4tzen, suchen andere Standorte, weil sie diesen f\u00fcr die Ursache ihres Misserfolgs halten&#8230;<\/li>\n<li>Nach mehreren Entt\u00e4uschungen, deren wahre Ursachen den Unternehmer\/inne\/n unerkl\u00e4rlich bleiben, werfen sie schlie\u00dflich das Handtuch &#8211; und wir haben eine Nahversorgung weniger!<\/li>\n<\/ul>\n<h3>1.1 Nahversorgung als CHANCE f\u00fcr ALLE begreifen!<\/h3>\n<p>Nahversorger\/innen haben einen EINMALIGEN VORTEIL:<br \/>\nSie sind ihren Kund\/inn\/en bekannt, als pers\u00f6nliche\/r Ansprechpartner\/in, als kompetente\/r Gestalter\/in des Angebots, als Verantwortliche\/r! &#8211; Oft auch umgekehrt: SIE kennen ihre Kund\/inn\/en. &#8211; Wo liegt nun die einmalige Chance in dieser Situation?<\/p>\n<ul>\n<li>Anbieter\/innen sollen sich ihren Kund\/inn\/en als interessierte PARTNER\/INNEN\u00a0 pr\u00e4sentieren, sie nach ihren W\u00fcnschen fragen (m\u00fcndlich, schriftlich, facebook, &#8230;), Kritik anregen, offen ihr Wissen weitergeben, &#8230; auch wenn der Erfolg in klingender M\u00fcnze nicht sogleich folgt!<br \/>\nDie\/der Nahversorger\/in hat sich als KUNDENORIENTIERT + kompetent bewiesen! Sie\/Er wird jedenfalls ein\/e gesch\u00e4tzte\/r ERSTE\/R Ansprechpartner\/in bleiben! &#8211; Das positiver Image (Nachrede) im Ort ist zus\u00e4tzlich gest\u00e4rkt!<\/li>\n<li>Konsument\/inn\/en ihrerseits sollten sich aus den genannten Gr\u00fcnden nicht scheuen, f\u00fcr ihre W\u00fcnsche\/Anregungen\/Beschwerden die Zust\u00e4ndigen im Betrieb zu suchen\/passende Wege zu finden, um IHREN Anteil an einer WERTSCH\u00c4TZENDEN und ALLEN n\u00fctzlichen PARTNERSCHAFT zu leisten! &#8211;<br \/>\nEs ist auch klug und sinnvoll, positive Erfahrungen mit den Nahversorger\/inne\/n bei jeder Gelegenheit (m\u00fcndlich, online, per facebook,&#8230;) &#8222;hinaus zu posaunen&#8220;!<\/li>\n<li>Wertsch\u00e4tzender Austausch hilft ALLEN! &#8211; Mut und Geduld f\u00fchren jene zum Erfolg, &#8222;die guten Willens sind&#8220;! &#8211; Warten auf &#8222;Gedankenleser\/innen&#8220; ist unergiebig&#8230;<\/li>\n<\/ul>\n","protected":false},"excerpt":{"rendered":"<p>1 Nahversorgung ist keine Einbahnstra\u00dfe! Sollte &#8222;Nahversorgung&#8220; etwa nach dem Motto funktionieren: &#8222;Friss Vogel, oder stirb!&#8220; Sollten wir NUR kaufen, bestellen &#8211; froh sein, dass wir \u00fcberhaupt was bekommen? Sollten unsere Nahversorger\/innen nur stolz sein dar\u00fcber, dass sie anbieten k\u00f6nnen, &hellip; <a href=\"http:\/\/eigendenken.at\/?page_id=47\">Weiterlesen <span class=\"meta-nav\">&rarr;<\/span><\/a><\/p>\n","protected":false},"author":1,"featured_media":0,"parent":0,"menu_order":0,"comment_status":"closed","ping_status":"closed","template":"","meta":{"footnotes":""},"class_list":["post-47","page","type-page","status-publish","hentry"],"_links":{"self":[{"href":"http:\/\/eigendenken.at\/index.php?rest_route=\/wp\/v2\/pages\/47","targetHints":{"allow":["GET"]}}],"collection":[{"href":"http:\/\/eigendenken.at\/index.php?rest_route=\/wp\/v2\/pages"}],"about":[{"href":"http:\/\/eigendenken.at\/index.php?rest_route=\/wp\/v2\/types\/page"}],"author":[{"embeddable":true,"href":"http:\/\/eigendenken.at\/index.php?rest_route=\/wp\/v2\/users\/1"}],"replies":[{"embeddable":true,"href":"http:\/\/eigendenken.at\/index.php?rest_route=%2Fwp%2Fv2%2Fcomments&post=47"}],"version-history":[{"count":2,"href":"http:\/\/eigendenken.at\/index.php?rest_route=\/wp\/v2\/pages\/47\/revisions"}],"predecessor-version":[{"id":51,"href":"http:\/\/eigendenken.at\/index.php?rest_route=\/wp\/v2\/pages\/47\/revisions\/51"}],"wp:attachment":[{"href":"http:\/\/eigendenken.at\/index.php?rest_route=%2Fwp%2Fv2%2Fmedia&parent=47"}],"curies":[{"name":"wp","href":"https:\/\/api.w.org\/{rel}","templated":true}]}}